{"id":201,"date":"2019-08-05T16:17:39","date_gmt":"2019-08-05T16:17:39","guid":{"rendered":"http:\/\/www.sicursystembz.com\/?page_id=201"},"modified":"2019-08-10T09:58:11","modified_gmt":"2019-08-10T09:58:11","slug":"home","status":"publish","type":"page","link":"https:\/\/www.sicursystembz.com\/de","title":{"rendered":"Home"},"content":{"rendered":"<div class=\"fusion-fullwidth fullwidth-box fusion-builder-row-1 nonhundred-percent-fullwidth non-hundred-percent-height-scrolling\" style=\"--awb-border-radius-top-left:0px;--awb-border-radius-top-right:0px;--awb-border-radius-bottom-right:0px;--awb-border-radius-bottom-left:0px;\" ><div class=\"fusion-builder-row fusion-row\"><div class=\"fusion-layout-column fusion_builder_column fusion-builder-column-0 fusion_builder_column_1_1 1_1 fusion-one-full fusion-column-first fusion-column-last\" style=\"--awb-bg-size:cover;\"><div class=\"fusion-column-wrapper fusion-column-has-shadow fusion-flex-column-wrapper-legacy\"><div class=\"fusion-text fusion-text-1\"><h3 style=\"text-align: center;\">TECNOLOGIE UND LEIDENSCHAFT<\/h3>\n<p style=\"text-align: center;\">also begeistertes Interesse am Beruf, haben uns zur Gr\u00fcndung der Gesellschaft <strong>SICUR SYSTEM GmbH <\/strong> bewogen<\/p>\n<p>Unsere Wurzeln sind im festen Boden der qualifizierten Erfahrung verankert, die wir durch langj\u00e4hrige Arbeit auf dem Gebiet der Sicherheit gewinnen konnten. Wir besch\u00e4ftigen uns mit Sicherheitsanlagen f\u00fcr Brandschutz, Alarm und Video\u00fcberwachung; vom Entwurf ab, pflegen wir Verkauf, Installation und darauffolgende Instandhaltung. Wir sind bestrebt, unseren Kundenhohen Qalit\u00e4tsstandard zu bieten, sowie sofortigen kompetenten Beistand zu leisten, unter Garantie h\u00f6chster berufsma\u00dfiger Zuverl\u00e4ssigkeit. Zu diesem Zweck benutzen wir Material erstklassiger Auswahl und hoher technischer Neuerungen. Wir pflegen direkte Beziehungen zu den Herrstellerfirmen, wodurch wir, bei Bedarf, kurzfristigen direkten Beistand gew\u00e4hrleisten k\u00f6nnen. Bestrebt, die neuesten in Kraftstehenden Vorschriften zu befolgen, haben wir bedeutende Erfahrung \u00fcber Brandschutzanlagen verschiedener Marken und Modelle erzielt.<\/p>\n<p>Seit mehreren Jahren sind wir tecnische Bezugspartner f\u00fcr Brandschutzanlagen der Gemeinde Bozen.<\/p>\n<p>Seit 2007 arbeiten wir mit BRENNERCOM AG zusammen und haben f\u00fcr CUBE, SERVERFARM der BRENNERCOM die Brandmelderanlagen ausgef\u00fchrt.<\/p>\n<\/div><div class=\"fusion-clearfix\"><\/div><\/div><\/div><\/div><\/div>\n","protected":false},"excerpt":{"rendered":"","protected":false},"author":2,"featured_media":0,"parent":0,"menu_order":0,"comment_status":"closed","ping_status":"closed","template":"","meta":[],"yoast_head":"<!-- This site is optimized with the Yoast SEO plugin v20.5 - https:\/\/yoast.com\/wordpress\/plugins\/seo\/ -->\n<title>Sicherheitssysteme Diebstahlschutz Feuerschutz Video\u00fcberwachung Bozen Meran Brixen S\u00fcdtirol | Sicur System BZ<\/title>\n<meta name=\"robots\" content=\"index, follow, max-snippet:-1, max-image-preview:large, max-video-preview:-1\" \/>\n<link rel=\"canonical\" href=\"https:\/\/www.sicursystembz.com\/de\" \/>\n<meta property=\"og:locale\" content=\"de_DE\" \/>\n<meta property=\"og:type\" content=\"article\" \/>\n<meta property=\"og:title\" content=\"Sicherheitssysteme Diebstahlschutz Feuerschutz Video\u00fcberwachung Bozen Meran Brixen S\u00fcdtirol | Sicur System BZ\" \/>\n<meta property=\"og:url\" content=\"https:\/\/www.sicursystembz.com\/de\" \/>\n<meta property=\"og:site_name\" content=\"Sicur System BZ\" \/>\n<meta property=\"article:modified_time\" content=\"2019-08-10T09:58:11+00:00\" \/>\n<meta name=\"twitter:card\" content=\"summary_large_image\" \/>\n<meta name=\"twitter:label1\" content=\"Gesch\u00e4tzte Lesezeit\" \/>\n\t<meta name=\"twitter:data1\" content=\"2 minutes\" \/>\n<script type=\"application\/ld+json\" class=\"yoast-schema-graph\">{\"@context\":\"https:\/\/schema.org\",\"@graph\":[{\"@type\":\"WebPage\",\"@id\":\"https:\/\/www.sicursystembz.com\/de\",\"url\":\"https:\/\/www.sicursystembz.com\/de\",\"name\":\"Sicherheitssysteme Diebstahlschutz Feuerschutz Video\u00fcberwachung Bozen Meran Brixen S\u00fcdtirol | Sicur System BZ\",\"isPartOf\":{\"@id\":\"https:\/\/www.sicursystembz.com\/#website\"},\"datePublished\":\"2019-08-05T16:17:39+00:00\",\"dateModified\":\"2019-08-10T09:58:11+00:00\",\"breadcrumb\":{\"@id\":\"https:\/\/www.sicursystembz.com\/de#breadcrumb\"},\"inLanguage\":\"de-DE\",\"potentialAction\":[{\"@type\":\"ReadAction\",\"target\":[\"https:\/\/www.sicursystembz.com\/de\"]}]},{\"@type\":\"BreadcrumbList\",\"@id\":\"https:\/\/www.sicursystembz.com\/de#breadcrumb\",\"itemListElement\":[{\"@type\":\"ListItem\",\"position\":1,\"name\":\"Home\",\"item\":\"https:\/\/www.sicursystembz.com\/de\"},{\"@type\":\"ListItem\",\"position\":2,\"name\":\"Home\"}]},{\"@type\":\"WebSite\",\"@id\":\"https:\/\/www.sicursystembz.com\/#website\",\"url\":\"https:\/\/www.sicursystembz.com\/\",\"name\":\"Sicur System BZ\",\"description\":\"\",\"potentialAction\":[{\"@type\":\"SearchAction\",\"target\":{\"@type\":\"EntryPoint\",\"urlTemplate\":\"https:\/\/www.sicursystembz.com\/?s={search_term_string}\"},\"query-input\":\"required name=search_term_string\"}],\"inLanguage\":\"de-DE\"}]}<\/script>\n<!-- \/ Yoast SEO plugin. -->","yoast_head_json":{"title":"Sicherheitssysteme Diebstahlschutz Feuerschutz Video\u00fcberwachung Bozen Meran Brixen S\u00fcdtirol | Sicur System BZ","robots":{"index":"index","follow":"follow","max-snippet":"max-snippet:-1","max-image-preview":"max-image-preview:large","max-video-preview":"max-video-preview:-1"},"canonical":"https:\/\/www.sicursystembz.com\/de","og_locale":"de_DE","og_type":"article","og_title":"Sicherheitssysteme Diebstahlschutz Feuerschutz Video\u00fcberwachung Bozen Meran Brixen S\u00fcdtirol | Sicur System BZ","og_url":"https:\/\/www.sicursystembz.com\/de","og_site_name":"Sicur System BZ","article_modified_time":"2019-08-10T09:58:11+00:00","twitter_card":"summary_large_image","twitter_misc":{"Gesch\u00e4tzte Lesezeit":"2 minutes"},"schema":{"@context":"https:\/\/schema.org","@graph":[{"@type":"WebPage","@id":"https:\/\/www.sicursystembz.com\/de","url":"https:\/\/www.sicursystembz.com\/de","name":"Sicherheitssysteme Diebstahlschutz Feuerschutz Video\u00fcberwachung Bozen Meran Brixen S\u00fcdtirol | Sicur System BZ","isPartOf":{"@id":"https:\/\/www.sicursystembz.com\/#website"},"datePublished":"2019-08-05T16:17:39+00:00","dateModified":"2019-08-10T09:58:11+00:00","breadcrumb":{"@id":"https:\/\/www.sicursystembz.com\/de#breadcrumb"},"inLanguage":"de-DE","potentialAction":[{"@type":"ReadAction","target":["https:\/\/www.sicursystembz.com\/de"]}]},{"@type":"BreadcrumbList","@id":"https:\/\/www.sicursystembz.com\/de#breadcrumb","itemListElement":[{"@type":"ListItem","position":1,"name":"Home","item":"https:\/\/www.sicursystembz.com\/de"},{"@type":"ListItem","position":2,"name":"Home"}]},{"@type":"WebSite","@id":"https:\/\/www.sicursystembz.com\/#website","url":"https:\/\/www.sicursystembz.com\/","name":"Sicur System BZ","description":"","potentialAction":[{"@type":"SearchAction","target":{"@type":"EntryPoint","urlTemplate":"https:\/\/www.sicursystembz.com\/?s={search_term_string}"},"query-input":"required name=search_term_string"}],"inLanguage":"de-DE"}]}},"_links":{"self":[{"href":"https:\/\/www.sicursystembz.com\/de\/wp-json\/wp\/v2\/pages\/201"}],"collection":[{"href":"https:\/\/www.sicursystembz.com\/de\/wp-json\/wp\/v2\/pages"}],"about":[{"href":"https:\/\/www.sicursystembz.com\/de\/wp-json\/wp\/v2\/types\/page"}],"author":[{"embeddable":true,"href":"https:\/\/www.sicursystembz.com\/de\/wp-json\/wp\/v2\/users\/2"}],"replies":[{"embeddable":true,"href":"https:\/\/www.sicursystembz.com\/de\/wp-json\/wp\/v2\/comments?post=201"}],"version-history":[{"count":3,"href":"https:\/\/www.sicursystembz.com\/de\/wp-json\/wp\/v2\/pages\/201\/revisions"}],"predecessor-version":[{"id":297,"href":"https:\/\/www.sicursystembz.com\/de\/wp-json\/wp\/v2\/pages\/201\/revisions\/297"}],"wp:attachment":[{"href":"https:\/\/www.sicursystembz.com\/de\/wp-json\/wp\/v2\/media?parent=201"}],"curies":[{"name":"wp","href":"https:\/\/api.w.org\/{rel}","templated":true}]}}